{"id":6,"date":"2011-08-07T12:02:04","date_gmt":"2011-08-07T12:02:04","guid":{"rendered":"http:\/\/etherna.themeforest.designsentry.com\/?page_id=6"},"modified":"2021-09-21T22:12:49","modified_gmt":"2021-09-21T22:12:49","slug":"home","status":"publish","type":"page","link":"http:\/\/107.161.179.93\/~fam\/","title":{"rendered":"Inicio"},"content":{"rendered":"<p><img src=\"http:\/\/107.161.179.93\/~fam\/wp-content\/uploads\/2013\/03\/SLIDE2.jpg\" \/><\/p>\n\r\n<div class=\"clearfix\"><\/div><div class=\"gs_3\">\n<h3>\u00bfQu\u00e9 es el FAM.?<\/h3>\n<p>El FAM se define como El Fondo de Apoyo Mutualista, es una estrategia de apoyo para los Agremiados de la Secci\u00f3n 49 del SNTE (activos y Jubilados);<\/p>\n<p><a class=\"superbutton \" href=\"http:\/\/107.161.179.93\/~fam\/quienes-somos\">+ Leer m\u00e1s..<\/a><\/p>\n<\/div>\r\n\n\r\n<div class=\"gs_3\">\n<h3>Seguro de Vida<\/h3>\n<p>Es el Seguro con el que Historicamente han contado todos los trabajadores de la Secci\u00f3n 49 del SNTE (Activos y Jubilados).<\/p>\n<p><a class=\"superbutton \" href=\"http:\/\/107.161.179.93\/~fam\/seguro-de-vida\">+ Leer m\u00e1s..<\/a><\/p>\n<\/div>\r\n\n\r\n<div class=\"gs_3\">\n<h3>FAM Ahorro<\/h3>\n<p>Es un mecanismo creado para todos los trabajadores que pertenecen a la Secci\u00f3n 49 del SNTE y que de forma VOLUNTARIA pueden &#8230;<\/p>\n<p><a class=\"superbutton \" href=\"http:\/\/107.161.179.93\/~fam\/fam-ahorro\">+ Leer m\u00e1s..<\/a><\/p>\n<\/div>\r\n\n<p>&nbsp;<\/p>\n\r\n<div class=\"gs_3 omega\">\n<h3>CrediFAM<\/h3>\n<p>Cr\u00e9dito a tu medida y con la certeza y seguridad del Fondo de Apoyo Mutualista, a trav\u00e9s de descuento por n\u00f3mina<\/p>\n<p><a class=\"superbutton \" href=\"http:\/\/107.161.179.93\/~fam\">+ Leer m\u00e1s..<\/a><\/p>\n<\/div>\r\n\n<p>&nbsp;<\/p>\n<p>&nbsp;<\/p>\n","protected":false},"excerpt":{"rendered":"<p>&nbsp; &nbsp; &nbsp;<\/p>\n","protected":false},"author":1,"featured_media":0,"parent":0,"menu_order":0,"comment_status":"open","ping_status":"open","template":"","meta":[],"_links":{"self":[{"href":"http:\/\/107.161.179.93\/~fam\/wp-json\/wp\/v2\/pages\/6"}],"collection":[{"href":"http:\/\/107.161.179.93\/~fam\/wp-json\/wp\/v2\/pages"}],"about":[{"href":"http:\/\/107.161.179.93\/~fam\/wp-json\/wp\/v2\/types\/page"}],"author":[{"embeddable":true,"href":"http:\/\/107.161.179.93\/~fam\/wp-json\/wp\/v2\/users\/1"}],"replies":[{"embeddable":true,"href":"http:\/\/107.161.179.93\/~fam\/wp-json\/wp\/v2\/comments?post=6"}],"version-history":[{"count":49,"href":"http:\/\/107.161.179.93\/~fam\/wp-json\/wp\/v2\/pages\/6\/revisions"}],"predecessor-version":[{"id":624,"href":"http:\/\/107.161.179.93\/~fam\/wp-json\/wp\/v2\/pages\/6\/revisions\/624"}],"wp:attachment":[{"href":"http:\/\/107.161.179.93\/~fam\/wp-json\/wp\/v2\/media?parent=6"}],"curies":[{"name":"wp","href":"https:\/\/api.w.org\/{rel}","templated":true}]}}