{"id":430,"date":"2013-03-07T20:32:42","date_gmt":"2013-03-07T20:32:42","guid":{"rendered":"http:\/\/66.7.218.220\/~fam\/?page_id=430"},"modified":"2013-03-26T05:00:23","modified_gmt":"2013-03-26T05:00:23","slug":"objetivos","status":"publish","type":"page","link":"http:\/\/107.161.179.93\/~fam\/objetivos\/","title":{"rendered":"Objetivos"},"content":{"rendered":"<p>\u00bfCu\u00e1les son los objetivos del FAM?<\/p>\n<ol>\n<li>Generar un Fondo Econ\u00f3mico para dar Apoyo a los Agremiados de la Secci\u00f3n 49 del SNTE.<\/li>\n<li>Generar Recursos Econ\u00f3micos que permitan el cumplimiento de sus programas.<\/li>\n<li>Creaci\u00f3n de alianzas y convenios con instituciones prestadoras de servicios educativos, culturales, art\u00edsticos, asistenciales, comerciales, tur\u00edsticos, recreativos, deportivos y de salud, que faciliten la operacion de sus programas.<\/li>\n<\/ol>\n","protected":false},"excerpt":{"rendered":"<p>\u00bfCu\u00e1les son los objetivos del FAM? Generar un Fondo Econ\u00f3mico para dar Apoyo a los Agremiados de la Secci\u00f3n 49 del SNTE. Generar Recursos Econ\u00f3micos que permitan el cumplimiento de sus programas. Creaci\u00f3n de alianzas y convenios con instituciones prestadoras de servicios educativos, culturales, art\u00edsticos, asistenciales, comerciales, tur\u00edsticos, recreativos, deportivos y de salud, que faciliten [&hellip;]<\/p>\n","protected":false},"author":1,"featured_media":0,"parent":0,"menu_order":0,"comment_status":"open","ping_status":"open","template":"","meta":[],"_links":{"self":[{"href":"http:\/\/107.161.179.93\/~fam\/wp-json\/wp\/v2\/pages\/430"}],"collection":[{"href":"http:\/\/107.161.179.93\/~fam\/wp-json\/wp\/v2\/pages"}],"about":[{"href":"http:\/\/107.161.179.93\/~fam\/wp-json\/wp\/v2\/types\/page"}],"author":[{"embeddable":true,"href":"http:\/\/107.161.179.93\/~fam\/wp-json\/wp\/v2\/users\/1"}],"replies":[{"embeddable":true,"href":"http:\/\/107.161.179.93\/~fam\/wp-json\/wp\/v2\/comments?post=430"}],"version-history":[{"count":9,"href":"http:\/\/107.161.179.93\/~fam\/wp-json\/wp\/v2\/pages\/430\/revisions"}],"predecessor-version":[{"id":487,"href":"http:\/\/107.161.179.93\/~fam\/wp-json\/wp\/v2\/pages\/430\/revisions\/487"}],"wp:attachment":[{"href":"http:\/\/107.161.179.93\/~fam\/wp-json\/wp\/v2\/media?parent=430"}],"curies":[{"name":"wp","href":"https:\/\/api.w.org\/{rel}","templated":true}]}}