{"id":428,"date":"2013-03-07T20:32:30","date_gmt":"2013-03-07T20:32:30","guid":{"rendered":"http:\/\/66.7.218.220\/~fam\/?page_id=428"},"modified":"2013-03-26T20:00:57","modified_gmt":"2013-03-26T20:00:57","slug":"quienes-somos","status":"publish","type":"page","link":"http:\/\/107.161.179.93\/~fam\/quienes-somos\/","title":{"rendered":"Quienes Somos"},"content":{"rendered":"<p><strong>\u00bfQu\u00e9 es el FAM.?<\/strong><\/p>\n<p>El FAM se de\ufb01ne como El Fondo de Apoyo Mutualista, es una estrategia de apoyo para los Agremiados de la Secci\u00f3n 49 del SNTE (activos y Jubilados); esta estrategia promueve una aut\u00e9ntica igualdad de oportunidades para todos,ayud\u00e1ndolos a crecer y a disfrutar de un mejor nivel de vida, gracias a su participacion tanto en el cumplimiento de las obligaciones adquiridas al obtener algunos de los bene\ufb01cios como invirtiendo de algunos de programas con que se cuenten, sin comprometer las oportunidades de crecimiento de las generaciones futuras.<\/p>\n<p>Es un programa con \ufb01nes no lucrativos, apartidista, se establece como un PROGRAMA de car\u00e1cter educativo, social, cultural, art\u00edstico, cient\u00ed\ufb01co, tecnol\u00f3gico y de salud.<\/p>\n<p>&nbsp;<\/p>\n<p><strong>\u00bfQui\u00e9nes forman parte del FAM.?<\/strong><\/p>\n<p>Todos los Agremiados que forman parte del SNTE 49\u00a0(Activos y Jubilados).<\/p>\n<p>&nbsp;<\/p>\n<p><strong>\u00bfCu\u00e1les son los programas con los\u00a0que inicia el FAM.?<\/strong><\/p>\n<p>1. Seguro de Vida Institucional.<br \/>\n2. Caja de Ahorro (FAM AHORRO).<br \/>\n3. CREDI-FAM<\/p>\n","protected":false},"excerpt":{"rendered":"<p>\u00bfQu\u00e9 es el FAM.? El FAM se de\ufb01ne como El Fondo de Apoyo Mutualista, es una estrategia de apoyo para los Agremiados de la Secci\u00f3n 49 del SNTE (activos y Jubilados); esta estrategia promueve una aut\u00e9ntica igualdad de oportunidades para todos,ayud\u00e1ndolos a crecer y a disfrutar de un mejor nivel de vida, gracias a su [&hellip;]<\/p>\n","protected":false},"author":1,"featured_media":0,"parent":0,"menu_order":0,"comment_status":"open","ping_status":"open","template":"","meta":[],"_links":{"self":[{"href":"http:\/\/107.161.179.93\/~fam\/wp-json\/wp\/v2\/pages\/428"}],"collection":[{"href":"http:\/\/107.161.179.93\/~fam\/wp-json\/wp\/v2\/pages"}],"about":[{"href":"http:\/\/107.161.179.93\/~fam\/wp-json\/wp\/v2\/types\/page"}],"author":[{"embeddable":true,"href":"http:\/\/107.161.179.93\/~fam\/wp-json\/wp\/v2\/users\/1"}],"replies":[{"embeddable":true,"href":"http:\/\/107.161.179.93\/~fam\/wp-json\/wp\/v2\/comments?post=428"}],"version-history":[{"count":8,"href":"http:\/\/107.161.179.93\/~fam\/wp-json\/wp\/v2\/pages\/428\/revisions"}],"predecessor-version":[{"id":447,"href":"http:\/\/107.161.179.93\/~fam\/wp-json\/wp\/v2\/pages\/428\/revisions\/447"}],"wp:attachment":[{"href":"http:\/\/107.161.179.93\/~fam\/wp-json\/wp\/v2\/media?parent=428"}],"curies":[{"name":"wp","href":"https:\/\/api.w.org\/{rel}","templated":true}]}}